{"id":412,"date":"2023-10-09T21:51:05","date_gmt":"2023-10-09T18:21:05","guid":{"rendered":"https:\/\/almankar.com\/stuttgart-sehri-almanya\/"},"modified":"2023-10-14T00:33:26","modified_gmt":"2023-10-13T21:03:26","slug":"stuttgart-sehri-almanya","status":"publish","type":"page","link":"https:\/\/almankar.com\/tr\/stuttgart-sehri-almanya\/","title":{"rendered":"Stuttgart \u015fehri, Almanya"},"content":{"rendered":"\n<figure class=\"wp-block-image size-large gutenify-section-6848a9c0-66cf-11ee-9c37-0df121a9f5ae\"><img loading=\"lazy\" decoding=\"async\" width=\"1024\" height=\"683\" src=\"https:\/\/almankar.com\/wp-content\/uploads\/2023\/10\/Stuttgart_3-1024x683.jpg\" alt=\"\" class=\"wp-image-237\" srcset=\"https:\/\/almankar.com\/wp-content\/uploads\/2023\/10\/Stuttgart_3-1024x683.jpg 1024w, https:\/\/almankar.com\/wp-content\/uploads\/2023\/10\/Stuttgart_3-300x200.jpg 300w, https:\/\/almankar.com\/wp-content\/uploads\/2023\/10\/Stuttgart_3-768x512.jpg 768w, https:\/\/almankar.com\/wp-content\/uploads\/2023\/10\/Stuttgart_3-1536x1024.jpg 1536w, https:\/\/almankar.com\/wp-content\/uploads\/2023\/10\/Stuttgart_3-2048x1365.jpg 2048w\" sizes=\"auto, (max-width: 1024px) 100vw, 1024px\" \/><\/figure>\n\n\n\n<p class=\"has-text-align-left gutenify-section-7c804ab0-66cf-11ee-9c37-0df121a9f5ae\"><strong>Stuttgart \u015fehri, Almanya<\/strong><\/p>\n\n\n\n<p class=\"gutenify-section-a284f530-66cf-11ee-9c37-0df121a9f5ae\">Baden-W\u00fcrttemberg eyaletinin ba\u015fkenti olan Stuttgart, Almanya&#8217;n\u0131n g\u00fcneyinde bulunan di\u011fer \u015fehirler gibi parklar\u0131, ormanlar\u0131 ve geni\u015f ye\u015fil \u00e7evresiyle Avrupa&#8217;da k\u0131skan\u0131lan bir \u015fehirdir. Almanya\u2019n\u0131n kalbinde capcanl\u0131, lezzetli \u015faraplar\u0131n do\u011fdu\u011fu, t\u00fcm d\u00fcnyadan ziyaret\u00e7ileri hayran b\u0131rakan bir \u015fehirdir. <\/p>\n\n\n\n<p class=\"gutenify-section-aa7ebc80-66cf-11ee-9c37-0df121a9f5ae\">Kongre ve ekonomi metropol\u00fc olarak ad\u0131ndan s\u0131k\u00e7a s\u00f6z ettiren Stuttgart, k\u00fclt\u00fcrel, sportif ve tarihi a\u00e7\u0131dan zenginli\u011fi ile g\u00f6z kama\u015ft\u0131rmaktad\u0131r ve Stuttgart borsas\u0131 Frankfurt\u2019tan sonra Almanya\u2019n\u0131n ikinci b\u00fcy\u00fc\u011f\u00fcd\u00fcr. Stuttgart Balesi de d\u00fcnya \u00e7ap\u0131nda \u00fcnl\u00fc olup &#8220;Cats&#8221; ve &#8220;Vampirlerin Dans\u0131&#8221; m\u00fczikalleri burada sahnelenmektedir.  <\/p>\n\n\n\n<p class=\"gutenify-section-ff63ad50-66cf-11ee-9c37-0df121a9f5ae\">\u00dc\u00e7 taraf\u0131 ormanlarla \u00e7evrili olan ve Neckar Nehri yak\u0131n\u0131nda bulunan kentin y\u00fcz\u00f6l\u00e7\u00fcm\u00fc 11.000 hektard\u0131r. Bunun yar\u0131s\u0131ndan fazlas\u0131 bahsedilen ye\u015filliklerle kapl\u0131d\u0131r. Ayn\u0131 zamanda Alman b\u00fcy\u00fck\u015fehirlerinin en da\u011fl\u0131k olan\u0131d\u0131r. Almanya&#8217;n\u0131n g\u00fcneybat\u0131s\u0131nda bulunmas\u0131 itibariyle turizm trafi\u011fi yo\u011fun olan Stuttgart, &#8220;Kara Orman-Schwarzwald&#8221;, Bodensee ve Schwaebische Alb gibi do\u011fa harikalar\u0131n\u0131 topraklar\u0131nda bar\u0131nd\u0131rmaktad\u0131r. Kom\u015fu \u00fclkelere gitmek isteyenler fazla zorluk \u00e7ekmeden Avusturya, Fransa ve \u0130svi\u00e7re&#8217;ye ula\u015fabilirler. <\/p>\n\n\n\n<p class=\"gutenify-section-7013f190-66d0-11ee-9c37-0df121a9f5ae\"><strong>Stuttgart \u015fehrinin hava durumu <\/strong><\/p>\n\n\n\n<p class=\"gutenify-section-6d74dcb0-66d0-11ee-9c37-0df121a9f5ae\">Stuttgart, genel olarak Aral\u0131k, Ocak ve \u015eubat aylar\u0131nda k\u0131\u015f\u0131; Haziran, Temmuz ve A\u011fustos aylar\u0131nda yaz\u0131 ya\u015famaktad\u0131r. En s\u0131cak ay olan Temmuz\u2019da s\u0131cakl\u0131k bazen 38 dereceyi bulabilmektedir. <\/p>\n\n\n\n<p class=\"gutenify-section-6d75a000-66d0-11ee-9c37-0df121a9f5ae\">\u015eehirde genellikle kapal\u0131 bir hava hakimdir ve ya\u011f\u0131\u015f oran\u0131 fazlad\u0131r. Y\u0131ll\u0131k ya\u011f\u0131\u015f miktar\u0131 ortalama 700 mm\u2019dir. Bu nedenle de ye\u015fillik alanlar\u0131 fazlad\u0131r.<\/p>\n\n\n\n<p class=\"has-text-align-left gutenify-section-5b7da710-6a0b-11ee-9241-e9d64589577f\">\u00c7ok say\u0131da kapl\u0131ca, kent i\u00e7inde bulunan iki \u015fato ve bu y\u00f6rede yeti\u015ftirilen \u00fcst\u00fcn kaliteli \u015farap, G\u00fcney Almanya kentinin zevk ve lezzet merkezi oldu\u011funu g\u00f6stermektedir. Stuttgart\u2019\u0131n y\u00f6resel festivalleri \u00e7ok pop\u00fclerdir; her y\u0131l yap\u0131lan Stuttgart \u015farap festivali, bahar festivali, zevkli yaz festivalleri, bira festivali bunlara \u00f6rnek verilebilir. Bunun yan\u0131 s\u0131ra gen\u00e7lerin kenti oldu\u011funu kan\u0131tlam\u0131\u015f olan Stuttgart son d\u00f6nemde Hip Hop m\u00fczik tarz\u0131yla isim yapm\u0131\u015ft\u0131r.<\/p>\n\n\n\n<p class=\"has-text-align-left gutenify-section-5b7e6a60-6a0b-11ee-9241-e9d64589577f\">Stuttgart i\u00e7in Mercedes-Benz ve Porsche\u2019nin do\u011fdu\u011fu yer diyebiliriz. Hatta her iki araba markas\u0131n\u0131n da kendilerine ait m\u00fczeleri bulunmaktad\u0131r. Sportif alanda \u00fcn yapm\u0131\u015f organizasyonlara geleneksel olarak ev sahipli\u011fi yapan Stuttgart, d\u00fczenledi\u011fi tenis ATP turnuvalar\u0131, binicilik, bisiklet ve futbol turnuvalar\u0131 ile g\u00fcndemde kalmay\u0131 ba\u015farm\u0131\u015ft\u0131r. \u015eehrin kendi ad\u0131yla an\u0131lan VFB Stuttgart adl\u0131 futbol kul\u00fcb\u00fc vard\u0131r ve renkleri k\u0131rm\u0131z\u0131 beyazd\u0131r.<\/p>\n\n\n\n<p class=\"has-text-align-left gutenify-section-5b815090-6a0b-11ee-9241-e9d64589577f\">Ayr\u0131ca \u00f6nemli bir end\u00fcstri b\u00f6lgesidir. En \u00f6nemli \u00fcr\u00fcnleri; otomobil, m\u00fchendislik, yay\u0131nc\u0131l\u0131k, elektronik, mimarl\u0131kt\u0131r.<\/p>\n","protected":false},"excerpt":{"rendered":"<p>Stuttgart \u015fehri, Almanya Baden-W\u00fcrttemberg eyaletinin ba\u015fkenti olan Stuttgart, Almanya&#8217;n\u0131n g\u00fcneyinde bulunan di\u011fer \u015fehirler gibi parklar\u0131, [&hellip;]<\/p>\n","protected":false},"author":1,"featured_media":0,"parent":0,"menu_order":0,"comment_status":"closed","ping_status":"closed","template":"","meta":{"gutenify_custom_css":"","gutenify_custom_css_data":"","footnotes":""},"class_list":["post-412","page","type-page","status-publish","hentry"],"_links":{"self":[{"href":"https:\/\/almankar.com\/tr\/wp-json\/wp\/v2\/pages\/412","targetHints":{"allow":["GET"]}}],"collection":[{"href":"https:\/\/almankar.com\/tr\/wp-json\/wp\/v2\/pages"}],"about":[{"href":"https:\/\/almankar.com\/tr\/wp-json\/wp\/v2\/types\/page"}],"author":[{"embeddable":true,"href":"https:\/\/almankar.com\/tr\/wp-json\/wp\/v2\/users\/1"}],"replies":[{"embeddable":true,"href":"https:\/\/almankar.com\/tr\/wp-json\/wp\/v2\/comments?post=412"}],"version-history":[{"count":4,"href":"https:\/\/almankar.com\/tr\/wp-json\/wp\/v2\/pages\/412\/revisions"}],"predecessor-version":[{"id":418,"href":"https:\/\/almankar.com\/tr\/wp-json\/wp\/v2\/pages\/412\/revisions\/418"}],"wp:attachment":[{"href":"https:\/\/almankar.com\/tr\/wp-json\/wp\/v2\/media?parent=412"}],"curies":[{"name":"wp","href":"https:\/\/api.w.org\/{rel}","templated":true}]}}